{"id":2318,"date":"2016-03-15T13:11:40","date_gmt":"2016-03-15T12:11:40","guid":{"rendered":"https:\/\/www.schloss-greinburg.at\/geschichte\/"},"modified":"2024-05-06T12:03:33","modified_gmt":"2024-05-06T10:03:33","slug":"histoire","status":"publish","type":"page","link":"https:\/\/www.schloss-greinburg.at\/fr\/histoire\/","title":{"rendered":"Histoire"},"content":{"rendered":"<p>[et_pb_section fb_built=&#8221;1&#8243; custom_padding_last_edited=&#8221;on|phone&#8221; admin_label=&#8221;section&#8221; _builder_version=&#8221;4.16&#8243; background_color=&#8221;#1a3857&#8243; custom_padding_tablet=&#8221;50px|0|50px|0&#8243; custom_padding_phone=&#8221;0px||0px|&#8221; transparent_background=&#8221;off&#8221; padding_mobile=&#8221;off&#8221; make_fullwidth=&#8221;off&#8221; use_custom_width=&#8221;off&#8221; width_unit=&#8221;on&#8221; global_colors_info=&#8221;{}&#8221;][et_pb_row padding_mobile=&#8221;off&#8221; column_padding_mobile=&#8221;on&#8221; admin_label=&#8221;row&#8221; _builder_version=&#8221;4.16&#8243; background_size=&#8221;initial&#8221; background_position=&#8221;top_left&#8221; background_repeat=&#8221;repeat&#8221; custom_padding=&#8221;0px||0px|&#8221; make_fullwidth=&#8221;off&#8221; use_custom_width=&#8221;off&#8221; width_unit=&#8221;on&#8221; global_colors_info=&#8221;{}&#8221;][et_pb_column type=&#8221;4_4&#8243; _builder_version=&#8221;4.16&#8243; custom_padding=&#8221;|||&#8221; global_colors_info=&#8221;{}&#8221; custom_padding__hover=&#8221;|||&#8221;][et_pb_image src=&#8221;https:\/\/www.schloss-greinburg.at\/2016\/wp-content\/uploads\/2016\/04\/greinburg_head_2016a_cutt_c-1.png&#8221; show_bottom_space=&#8221;off&#8221; align=&#8221;center&#8221; align_tablet=&#8221;center&#8221; align_phone=&#8221;center&#8221; align_last_edited=&#8221;on|desktop&#8221; admin_label=&#8221;Bild&#8221; _builder_version=&#8221;4.16&#8243; custom_margin=&#8221;0px||0px|&#8221; animation=&#8221;off&#8221; sticky=&#8221;on&#8221; use_border_color=&#8221;off&#8221; border_color=&#8221;#ffffff&#8221; border_style=&#8221;solid&#8221; always_center_on_mobile=&#8221;on&#8221; global_colors_info=&#8221;{}&#8221;] [\/et_pb_image][\/et_pb_column][\/et_pb_row][\/et_pb_section][et_pb_section fb_built=&#8221;1&#8243; fullwidth=&#8221;on&#8221; custom_padding_last_edited=&#8221;on|desktop&#8221; admin_label=&#8221;Sektion&#8221; _builder_version=&#8221;4.16&#8243; background_color=&#8221;#ffffff&#8221; custom_padding=&#8221;0px||0px|&#8221; custom_padding_tablet=&#8221;50px|0|50px|0&#8243; custom_padding_phone=&#8221;50px|0|50px|0&#8243; transparent_background=&#8221;off&#8221; padding_mobile=&#8221;off&#8221; make_fullwidth=&#8221;off&#8221; use_custom_width=&#8221;off&#8221; width_unit=&#8221;on&#8221; global_colors_info=&#8221;{}&#8221;][et_pb_fullwidth_menu menu_id=&#8221;3&#8243; submenu_direction=&#8221;downwards&#8221; fullwidth_menu=&#8221;off&#8221; admin_label=&#8221;Vollbreites Men\u00fc&#8221; module_class=&#8221;menuschmal&#8221; _builder_version=&#8221;4.16&#8243; menu_font=&#8221;Crimson Text||||&#8221; menu_font_size=&#8221;16&#8243; menu_line_height=&#8221;1.2em&#8221; text_orientation=&#8221;center&#8221; saved_tabs=&#8221;all&#8221; global_colors_info=&#8221;{}&#8221;][\/et_pb_fullwidth_menu][\/et_pb_section][et_pb_section fb_built=&#8221;1&#8243; custom_padding_last_edited=&#8221;on|desktop&#8221; admin_label=&#8221;Sektion&#8221; _builder_version=&#8221;4.16&#8243; background_color=&#8221;rgba(255,255,255,0)&#8221; custom_padding=&#8221;3px||25px|&#8221; custom_padding_tablet=&#8221;50px|0|50px|0&#8243; custom_padding_phone=&#8221;50px|0|50px|0&#8243; transparent_background=&#8221;on&#8221; padding_mobile=&#8221;off&#8221; make_fullwidth=&#8221;off&#8221; use_custom_width=&#8221;off&#8221; width_unit=&#8221;on&#8221; global_colors_info=&#8221;{}&#8221;][et_pb_row column_structure=&#8221;3_4,1_4&#8243; use_custom_gutter=&#8221;on&#8221; gutter_width=&#8221;2&#8243; padding_mobile=&#8221;on&#8221; column_padding_mobile=&#8221;on&#8221; admin_label=&#8221;Zeile&#8221; _builder_version=&#8221;4.16&#8243; background_color=&#8221;#ffffff&#8221; background_size=&#8221;initial&#8221; background_position=&#8221;top_left&#8221; background_repeat=&#8221;repeat&#8221; max_width=&#8221;960px&#8221; custom_padding=&#8221;||20px|20px&#8221; make_fullwidth=&#8221;on&#8221; use_custom_width=&#8221;on&#8221; width_unit=&#8221;on&#8221; custom_width_px=&#8221;960px&#8221; global_colors_info=&#8221;{}&#8221;][et_pb_column type=&#8221;3_4&#8243; _builder_version=&#8221;4.16&#8243; custom_padding=&#8221;|||&#8221; global_colors_info=&#8221;{}&#8221; custom_padding__hover=&#8221;|||&#8221;][et_pb_text admin_label=&#8221;Text&#8221; _builder_version=&#8221;4.24.2&#8243; text_font=&#8221;Times New Roman||||&#8221; text_text_color=&#8221;#1a3857&#8243; text_font_size=&#8221;28&#8243; background_size=&#8221;initial&#8221; background_position=&#8221;top_left&#8221; background_repeat=&#8221;repeat&#8221; text_orientation=&#8221;center&#8221; module_alignment=&#8221;center&#8221; custom_padding=&#8221;|||20px&#8221; use_border_color=&#8221;off&#8221; border_color=&#8221;#ffffff&#8221; border_style=&#8221;solid&#8221; global_colors_info=&#8221;{}&#8221;]<\/p>\n<p><strong>Histoire<\/strong><\/p>\n<p>[\/et_pb_text][et_pb_divider show_divider=&#8221;off&#8221; disabled_on=&#8221;on|on|off&#8221; admin_label=&#8221;Teiler&#8221; _builder_version=&#8221;4.16&#8243; height=&#8221;5px&#8221; hide_on_mobile=&#8221;on&#8221; global_colors_info=&#8221;{}&#8221;][\/et_pb_divider][et_pb_gallery gallery_ids=&#8221;582,581,580,579,578,577&#8243; fullwidth=&#8221;on&#8221; admin_label=&#8221;Galerie&#8221; _builder_version=&#8221;4.16&#8243; caption_all_caps=&#8221;off&#8221; auto=&#8221;on&#8221; auto_speed=&#8221;5000&#8243; use_border_color=&#8221;off&#8221; border_color=&#8221;#ffffff&#8221; border_style=&#8221;solid&#8221; global_colors_info=&#8221;{}&#8221;][\/et_pb_gallery][et_pb_text admin_label=&#8221;Text&#8221; _builder_version=&#8221;4.24.2&#8243; background_size=&#8221;initial&#8221; background_position=&#8221;top_left&#8221; background_repeat=&#8221;repeat&#8221; custom_padding=&#8221;|25px||25px&#8221; hover_enabled=&#8221;0&#8243; use_border_color=&#8221;off&#8221; border_color=&#8221;#ffffff&#8221; border_style=&#8221;solid&#8221; global_colors_info=&#8221;{}&#8221; sticky_enabled=&#8221;0&#8243;]<\/p>\n<p><strong>R\u00e9sum\u00e9 de l\u2019histoire familiale<\/strong><\/p>\n<p>La maison ducale de Saxe-Cobourg-Gotha est\u00a0 une branche de la noble dynastie allemande Wettin et a son si\u00e8ge ancestral \u00e0 Cobourg. Ses anc\u00eatres ont r\u00e9gn\u00e9 de 1423 \u00e0 1547 en tant qu\u2019\u00e9lecteurs saxons et plus tard en tant que ducs de Cobourg. En 1862, leur r\u00e8gne s\u00b4\u00e9tend jusqu\u00b4au duch\u00e9 saxon de Gotha et, depuis lors, la famille porte le nom de Saxe-Cobourg-Gotha.<\/p>\n<p><img loading=\"lazy\" decoding=\"async\" class=\"wp-image-2115 size-full alignnone\" src=\"https:\/\/www.schloss-callenberg.com\/2016\/wp-content\/uploads\/2013\/02\/wappen_1-1.png\" width=\"206\" height=\"126\" \/> <img loading=\"lazy\" decoding=\"async\" class=\"wp-image-2120 size-full alignnone\" src=\"https:\/\/www.schloss-callenberg.com\/2016\/wp-content\/uploads\/2013\/02\/wappen_2-2.png\" width=\"206\" height=\"126\" \/><img loading=\"lazy\" decoding=\"async\" class=\"wp-image-2117 size-full alignnone\" src=\"https:\/\/www.schloss-callenberg.com\/2016\/wp-content\/uploads\/2013\/02\/wappen_3-1.png\" width=\"206\" height=\"126\" \/><\/p>\n<p>La maison de Saxe-Cobourg-Gotha a connu son apog\u00e9e au 19\u00e8me si\u00e8cle. Gr\u00e2ce \u00e0 la diplomatie et \u00e0 l\u2019habile politique matrimoniale, elle fut l\u2019une des dynasties r\u00e9gnantes europ\u00e9ennes les plus importantes jusqu\u2019\u00e0 la fin de la monarchie en 1918. Les \u201cCoburger\u201d \u00e9taient \u00e9troitement li\u00e9s \u00e0 presque toutes les maisons princi\u00e8res et fournissaient les r\u00e9gents de quatre maisons royales: la Belgique, le Portugal, la Grande-Bretagne et la Bulgarie.<\/p>\n<p>Les relations familiales de la maison de Saxe-Cobourg-Gotha avec les maisons royales europ\u00e9ennes remontent en grande partie \u00e0 l\u2019\u00e9poque du prince Albert de Saxe-Cobourg-Gotha et de son \u00e9pouse, la reine Victoria d\u2019Angleterre.<\/p>\n<p>Gr\u00e2ce \u00e0 leurs 9 enfants et 42 petits-enfants, les lign\u00e9es dynastiques de Grande-Bretagne et de Cobourg se sont d\u00e9velopp\u00e9es. En outre, les descendants de la reine Victoria et du prince Albert ont \u00e9galement r\u00e9gn\u00e9 sur l\u2019Empire allemand, en Russie, en Roumanie, en Yougoslavie, en Gr\u00e8ce, en Espagne, en Norv\u00e8ge, en Su\u00e8de et au Danemark \u2013 et r\u00e8gnent encore aujourd\u2019hui dans ces quatre derniers pays.<\/p>\n<p>Plus d\u00b4informations sont disponibles au lien suivant :<\/p>\n<p>Arbre g\u00e9n\u00e9alogique de la famille ducale de Saxe-Cobourg-Gotha.<br \/><a href=\"https:\/\/www.schloss-greinburg.at\/2016\/wp-content\/uploads\/2016\/03\/Stammbaum_2016.pdf\">Stammbaum des Herzoglichen Hauses Sachsen \u2013 Coburg und Gotha.<\/a><\/p>\n<p>Cette histoire familiale spectaculaire de la maison de Saxe-Cobourg-Gotha est document\u00e9e dans les salles de f\u00eate du ch\u00e2teau de Greinburg.<\/p>\n<p>Le chef actuel de la maison de Saxe-Cobourg-Gotha est le prince Andreas. Il est issu de la lign\u00e9e britannique, fond\u00e9e par son arri\u00e8re-arri\u00e8re-grand-p\u00e8re, le prince Albert.<\/p>\n<p>Plus d\u00b4infomations sur la famille ducale de Saxe-Cobourg-Gotha sont disponibles aux liens suivants:<br \/><a href=\"http:\/\/www.sachsen-coburg-gotha.de\">http:\/\/www.sachsen-coburg-gotha.de<\/a>\u00a0et <a href=\"http:\/\/www.prinzandreas.com\">www.prinzandreas.com<\/a><\/p>\n<p>&nbsp;<\/p>\n<p><strong>Ch\u00e2teau de Greinburg\u00a0\u2013 <\/strong><strong>Notes historiques<\/strong><\/p>\n<p><strong><img loading=\"lazy\" decoding=\"async\" class=\"size-full wp-image-104 alignright\" src=\"https:\/\/www.schloss-greinburg.at\/2016\/wp-content\/uploads\/2016\/03\/geschichte_seite.jpg\" alt=\"geschichte_seite\" width=\"280\" height=\"840\" srcset=\"https:\/\/www.schloss-greinburg.at\/2016\/wp-content\/uploads\/2016\/03\/geschichte_seite.jpg 280w, https:\/\/www.schloss-greinburg.at\/2016\/wp-content\/uploads\/2016\/03\/geschichte_seite-100x300.jpg 100w\" sizes=\"(max-width: 280px) 100vw, 280px\" \/><\/strong><strong>1488-1493<\/strong><br \/>Greinburg a \u00e9t\u00e9 construit entre 1488 et 1493 comme l\u2019un des premiers ch\u00e2teaux r\u00e9sidentiels de la r\u00e9gion germanophone, sous les barons imp\u00e9riaux de Stettenberg et comtes de Hardegg, Heinrich et Siegmund Pr\u00fcschenk.<\/p>\n<p><strong>1533<\/strong><br \/>En 1533, le conseiller imp\u00e9rial Johann Leble (L\u00f6bl), le Burgvogt (gouverneur du ch\u00e2teau) d\u2019Enns et le Landvogt (gouverneur du territoire) de Souabe, acquit le ch\u00e2teau. Sous Leble (L\u00f6bl), le b\u00e2timent a pris la pluspart de sa forme actuelle. En 1621, le ch\u00e2teau de Greinburg a \u00e9t\u00e9 vendu au comte Leonhard Helfrich de Meggau, qui a fait effectuer d\u2019importantes r\u00e9novations. La fa\u00e7ade de la cour int\u00e9rieure \u00e9tait agr\u00e9ment\u00e9e sur trois \u00e9tages d\u2019un portique \u00e0 colonnes. Sous Meggau, la Sala Terrena (d\u00e9nomm\u00e9 aussi th\u00e9\u00e2tre en pierre) a \u00e9galement \u00e9t\u00e9 fond\u00e9. En 1625, la Salle des Chevaliers et une chapelle adjacente dans la tour sud-ouest ont \u00e9t\u00e9 r\u00e9nov\u00e9es. Anne de Meggau apporta le ch\u00e2teau et la seigneurie de Grein en dot \u00e0 son mari, le comte Ludwig Sigmund von Dietrichstein.<\/p>\n<p><strong>1700<\/strong><br \/>\u00c0 partir de 1700, Greinburg appartenait au comte Oktavian Karl de Carioni, qui la vendit en 1709 \u00e0 Fran\u00e7ois-Ferdinand de Salbourg et de Prandegg.<\/p>\n<p><strong>1810<\/strong><br \/>La famille Dietrichstein poss\u00e9dait le ch\u00e2teau \u00e0 partir de 1810, mais en 1811, elle vendit la propri\u00e9t\u00e9 au maire de Hainburg, Josef Fink.<\/p>\n<p><strong>Depuis 1822<\/strong><br \/>Ce n\u2019est qu\u2019en 1822 que la famille ducale de Saxe-Cobourg-Gotha entre en possession du ch\u00e2teau. Le duc Ernest III de Saxe-Cobourg-Saalfeld, devenu en 1826 Ernest Ier de Saxe-Cobourg-Gotha, acquit en 1822 la seigneurie de Grein, ainsi que la domination sur Aich, Prandegg, Kreutzen, Ruttenstein et Zellhof. Le fils d\u2019Ernest Ier, le duc Ernest II, fut seigneur du ch\u00e2teau de Greinburg de 1844 \u00e0 1893. Apr\u00e8s sa mort en 1893, la reine Victoria du Royaume-Uni a \u00e9galement bri\u00e8vement poss\u00e9d\u00e9 Greinburg.<br \/>Aujourd\u2019hui encore, le ch\u00e2teau est habit\u00e9 par la famille ducale. Par exemple, la duchesse Victoria Ad\u00e9la\u00efde a choisi Greinburg comme r\u00e9sidence d\u2019\u00e9t\u00e9. Son fils, le prince Fr\u00e9d\u00e9ric-Josias, y v\u00e9cut sans interruption jusqu\u2019\u00e0 sa mort.<\/p>\n<p>Outre les salles d\u2019apparat de la famille ducale, les salles des f\u00eates ducales, dans le complexe \u00e0 quatre ailes on trouve aussi le mus\u00e9e de la navigation de la Haute-Autriche.<\/p>\n<p>&nbsp;<\/p>\n<p>[\/et_pb_text][\/et_pb_column][et_pb_column type=&#8221;1_4&#8243; _builder_version=&#8221;4.16&#8243; custom_padding=&#8221;|||&#8221; global_colors_info=&#8221;{}&#8221; custom_padding__hover=&#8221;|||&#8221;][et_pb_sidebar orientation=&#8221;right&#8221; area=&#8221;sidebar-1&#8243; disabled_on=&#8221;on||&#8221; admin_label=&#8221;Seitenleiste&#8221; _builder_version=&#8221;4.16&#8243; header_text_color=&#8221;#1a3857&#8243; header_font_size=&#8221;14&#8243; body_font_size=&#8221;12&#8243; remove_border=&#8221;off&#8221; global_colors_info=&#8221;{}&#8221;][\/et_pb_sidebar][\/et_pb_column][\/et_pb_row][\/et_pb_section]<\/p>\n","protected":false},"excerpt":{"rendered":"<p>HistoireR\u00e9sum\u00e9 de l\u2019histoire familiale La maison ducale de Saxe-Cobourg-Gotha est\u00a0 une branche de la noble dynastie allemande Wettin et a son si\u00e8ge ancestral \u00e0 Cobourg. Ses anc\u00eatres ont r\u00e9gn\u00e9 de 1423 \u00e0 1547 en tant qu\u2019\u00e9lecteurs saxons et plus tard en tant que ducs de Cobourg. En 1862, leur r\u00e8gne s\u00b4\u00e9tend jusqu\u00b4au duch\u00e9 saxon de [&hellip;]<\/p>\n","protected":false},"author":2,"featured_media":0,"parent":0,"menu_order":0,"comment_status":"closed","ping_status":"closed","template":"page-template-blank.php","meta":{"_et_pb_use_builder":"on","_et_pb_old_content":"[tabs slidertype=\"images\" auto=\"yes\"] [imagetab width=\"650\" height=\"300\"]http:\/\/www.schloss-callenberg.com\/englisch\/wp-content\/uploads\/2013\/01\/family_history_001_11.jpg[\/imagetab] [imagetab width=\"650\" height=\"300\"]http:\/\/www.schloss-callenberg.com\/englisch\/wp-content\/uploads\/2013\/01\/family_history_001_21.jpg[\/imagetab] [imagetab width=\"650\" height=\"300\"]http:\/\/www.schloss-callenberg.com\/englisch\/wp-content\/uploads\/2013\/01\/family_history_001_31.jpg[\/imagetab] [imagetab width=\"650\" height=\"300\"]http:\/\/www.schloss-callenberg.com\/englisch\/wp-content\/uploads\/2013\/01\/family_history_001_41.jpg[\/imagetab] [imagetab width=\"650\" height=\"300\"]http:\/\/www.schloss-callenberg.com\/englisch\/wp-content\/uploads\/2013\/01\/family_history_001_51.jpg[\/imagetab] [imagetab width=\"650\" height=\"300\"]http:\/\/www.schloss-callenberg.com\/englisch\/wp-content\/uploads\/2013\/01\/family_history_001_61.jpg[\/imagetab] [\/tabs]\r\n\r\n\u00a0\r\n\r\n<b>Eine Zusammenfassung der Familiengeschichte<\/b>\r\n\r\nDas herzogliche Haus Sachsen-Coburg und Gotha ist ein Zweig des deutschen Adelsgeschlechtes der Wettiner und hat seinen Stammsitz in Coburg. Seine Ahnherren regierten von 1423 bis 1547 als s\u00e4chsische Kurf\u00fcrsten und sp\u00e4ter als Coburger Herz\u00f6ge. Im Jahr 1862 erweiterte sich ihre Regentschaft auf das s\u00e4chsische Herzogtum Gotha, und seitdem f\u00fchrt die Familie den Namen Sachsen-Coburg und Gotha.\r\n\r\n<b>\u00a0<\/b>\r\n<table border=\"0\" align=\"center\">\r\n<tbody>\r\n<tr>\r\n<td>\r\n<table border=\"0\" cellspacing=\"0\" cellpadding=\"0\">\r\n<tbody>\r\n<tr>\r\n<td align=\"center\" width=\"140\"><img class=\"alignnone\" src=\"http:\/\/www.schloss-callenberg.com\/englisch\/wp-content\/uploads\/2013\/02\/geschichte.staatswappen_sachsen-coburg_und_gotha.klein_.gif\" alt=\"geschichte.staatswappen_sachsen-coburg_und_gotha.klein\" width=\"65\" height=\"80\" \/><\/td>\r\n<td align=\"center\" width=\"140\"><img class=\"alignnone\" src=\"http:\/\/www.schloss-callenberg.com\/englisch\/wp-content\/uploads\/2013\/02\/geschichte.wappen_des_herzogtums_sachsen.klein_.gif\" alt=\"geschichte.wappen_des_herzogtums_sachsen.klein\" width=\"59\" height=\"80\" \/><\/td>\r\n<td align=\"center\" width=\"140\"><img class=\"alignnone\" src=\"http:\/\/www.schloss-callenberg.com\/englisch\/wp-content\/uploads\/2013\/01\/geschichte.wappen_des_prinzen_von_sachsen-coburg_und_gotha.klein_.gif\" alt=\"geschichte.wappen_des_prinzen_von_sachsen-coburg_und_gotha.klein\" width=\"68\" height=\"80\" \/><\/td>\r\n<\/tr>\r\n<tr>\r\n<td align=\"center\" width=\"140\" height=\"15\"><\/td>\r\n<td align=\"center\" width=\"140\" height=\"15\"><\/td>\r\n<td align=\"center\" width=\"140\" height=\"15\"><\/td>\r\n<\/tr>\r\n<tr>\r\n<td align=\"center\" valign=\"top\" width=\"140\">\r\n<h6>Staatswappen des Herzogtums\r\nSachsen-Coburg\r\nund Gotha<\/h6>\r\n<\/td>\r\n<td align=\"center\" valign=\"top\" width=\"140\">\r\n<h6>Wappen des\r\nHerzogtums\r\nSachsen<\/h6>\r\n<\/td>\r\n<td align=\"center\" valign=\"top\" width=\"140\">\r\n<h6>Wappen des\r\nPrinzen von\r\nSachsen-Coburg\r\nund Gotha<\/h6>\r\n\u00a0<\/td>\r\n<\/tr>\r\n<\/tbody>\r\n<\/table>\r\n<\/td>\r\n<\/tr>\r\n<\/tbody>\r\n<\/table>\r\nDas Haus Sachsen-Coburg und Gotha erlebte seine Glanzzeit w\u00e4hrend des 19. Jahrhunderts. Durch Diplomatie und geschickte Heiratspolitik war es bis zum Ende der Monarchie 1918 eine der bedeutendsten europ\u00e4ischen Herrscherdynastien. Die \u201eCoburger\u201c waren mit fast allen F\u00fcrstenh\u00e4usern eng verwandt und stellten die Regenten von vier K\u00f6nigsh\u00e4usern: Belgien, Portugal, Gro\u00dfbritannien und Bulgarien.\r\n\r\nDie Familienbeziehungen des Hauses Sachsen-Coburg und Gotha mit den europ\u00e4ischen K\u00f6nigsh\u00e4usern stammen gr\u00f6\u00dftenteils aus der Zeit von Prinz Albert von Sachsen-Coburg und Gotha und seiner Frau, Queen Victoria von England. Durch ihre 9 Kinder und 42 Enkelkinder wurden die dynastischen Linien von Gro\u00dfbritannien und Coburg fortgef\u00fchrt. Au\u00dferdem regierten die Nachkommen von Queen Victoria und Prinz Albert auch im deutschen Kaiserreich, Russland, Rum\u00e4nien, Jugoslawien, Griechenland, Spanien, Norwegen, Schweden und D\u00e4nemark \u2013 und regieren noch heute in den vier letztgenannten L\u00e4ndern. Zus\u00e4tzliche Informationen unter folgendem Link:\r\n<a href=\"http:\/\/www.schloss-greinburg.at\/2016\/wp-content\/uploads\/2016\/03\/Stammbaum_2016.pdf\" target=\"_blank\">Stammbaum des Herzoglichen Hauses Sachsen - Coburg und Gotha.<\/a>\r\n\r\nDiese spektakul\u00e4re Familiengeschichte des Hauses Sachsen-Coburg und Gotha ist auf Schloss Greinburg pr\u00e4sent und in den\u00a0Sachsen-Coburg und Gotha\u00b4schen Festr\u00e4umen dokumentiert.\r\n\r\nDas derzeitige Oberhaupt des Hausen Sachsen-Coburg und Gotha ist Prinz Andreas. Er stammt aus der britischen Linie, die durch seinen Ururgro\u00dfvater Prinz Albert begr\u00fcndet wurde.\r\n\r\nWeitere Informationen zur herzoglichen Familie von Sachsen-Coburg und Gotha finden Sie unter:\r\n<a href=\"http:\/\/www.sachsen-coburg-gotha.de\/\" target=\"_blank\">www.sachsen-coburg-gotha.de<\/a>\u00a0und\u00a0<a href=\"http:\/\/www.prinzandreas.com\" target=\"_blank\">www.prinzandreas.com<\/a>\r\n\r\n\u00a0\r\n\r\n<strong>Schloss Greinburg\u00a0\u2013\u00a0Historischer \u00dcberblick<\/strong>\r\n\r\n<strong>1488-1493<img class=\"size-full wp-image-104 alignright\" src=\"http:\/\/www.schloss-greinburg.at\/2016\/wp-content\/uploads\/2016\/03\/geschichte_seite.jpg\" alt=\"geschichte_seite\" width=\"280\" height=\"840\" \/><\/strong>\r\nUnter den sp\u00e4teren Reichsfreiherren von Stettenberg und Grafen von Hardegg, Heinrich und Siegmund Pr\u00fcschenk, wurde die Greinburg zwischen 1488 und 1493 als eines der ersten Schl\u00f6sser im deutschsprachigen Raum errichtet.\r\n\r\n<strong>1533<\/strong>\r\n1533 erwarb der kaiserliche Rat, Burgvogt von Enns und Landvogt von Schwaben, Johann Leble (L\u00f6bl), das Schloss. Unter Leble (L\u00f6bl) erhielt das Bauwerk weitgehend seine heutige Gestalt. 1621 wurde die Greinburg an den Grafen Leonhard Helfrich von Meggau ver\u00e4u\u00dfert, der grundlegende Umbauten durchf\u00fchren lie\u00df. Ein der Fassade vorgeblendeter dreigeschossiger\u00a0S\u00e4ulenarkadengang wurde pr\u00e4gend f\u00fcr das Erscheinungsbild des Innenhofes. Unter Meggau wurde ferner die Sala terrena (sog. Steinernes Theater) eingerichtet. 1625 kam es zur Neuausstattung des Rittersaales und einer daran anschlie\u00dfenden Kapelle im S\u00fcdwestturm. Anna von Meggau brachte ihrem Gemahl, dem Grafen Ludwig Sigmund von Dietrichstein, Schloss und Herrschaft Grein mit in die Ehe.\r\n\r\n<strong>1700<\/strong>\r\nSeit 1700 war Graf Oktavian Karl von Carioni Eigent\u00fcmer der Greinburg, der das Schloss 1709 an Franz Ferdinand von Salburg und Prandegg verkaufte.\r\n\r\n<strong>1810<\/strong>\r\nDie Familie von Dietrichstein war seit 1810 abermals im Besitz der Greinburg, verkaufte das Anwesen jedoch bereits 1811 an den B\u00fcrgermeister von Hainburg, Josef Fink.\r\n\r\n\u00a0\r\n\r\n<strong>seit 1822<\/strong>\r\n\r\nErst seit 1822 ist das Herzogliche Haus Sachsen-Coburg und Gotha Schlosseigent\u00fcmer. Zusammen mit der Herrschaft Grein erwarb Herzog Ernst III. von Sachsen-Coburg-Saalfeld, seit 1826 Ernst I. von Sachsen-Coburg und Gotha, 1822 auch die Herrschaften Aich, Prandegg, Kreutzen, Ruttenstein und Zellhof. Der Sohn Ernsts I., Herzog Ernst II. , war Schlossherr auf der Greinburg von 1844 bis 1893. Nach seinem Tod 1893 war kurzzeitig auch K\u00f6nigin Victoria von England Eigent\u00fcmerin der Greinburg. Bis heute wird das Schloss von der herzoglichen Familie bewohnt. So w\u00e4hlte beispielsweise Herzogin Viktoria Adelheid die Greinburg als Sommersitz. Ihr Sohn, Prinz Friedrich Josias, wohnte bis zu seinem Tod st\u00e4ndig dort.\r\n\r\nDie vierfl\u00fcgelige Anlage beherbergt neben den Repr\u00e4sentationsr\u00e4umen der Herzoglichen Familie, den\u00a0Herzoglichen Festr\u00e4umen, auch das Ober\u00f6sterreichische Schiffahrtsmuseum.","_et_gb_content_width":"","footnotes":""},"class_list":["post-2318","page","type-page","status-publish","hentry"],"aioseo_notices":[],"_links":{"self":[{"href":"https:\/\/www.schloss-greinburg.at\/fr\/wp-json\/wp\/v2\/pages\/2318","targetHints":{"allow":["GET"]}}],"collection":[{"href":"https:\/\/www.schloss-greinburg.at\/fr\/wp-json\/wp\/v2\/pages"}],"about":[{"href":"https:\/\/www.schloss-greinburg.at\/fr\/wp-json\/wp\/v2\/types\/page"}],"author":[{"embeddable":true,"href":"https:\/\/www.schloss-greinburg.at\/fr\/wp-json\/wp\/v2\/users\/2"}],"replies":[{"embeddable":true,"href":"https:\/\/www.schloss-greinburg.at\/fr\/wp-json\/wp\/v2\/comments?post=2318"}],"version-history":[{"count":6,"href":"https:\/\/www.schloss-greinburg.at\/fr\/wp-json\/wp\/v2\/pages\/2318\/revisions"}],"predecessor-version":[{"id":2756,"href":"https:\/\/www.schloss-greinburg.at\/fr\/wp-json\/wp\/v2\/pages\/2318\/revisions\/2756"}],"wp:attachment":[{"href":"https:\/\/www.schloss-greinburg.at\/fr\/wp-json\/wp\/v2\/media?parent=2318"}],"curies":[{"name":"wp","href":"https:\/\/api.w.org\/{rel}","templated":true}]}}