{"id":2320,"date":"2016-03-15T13:11:40","date_gmt":"2016-03-15T12:11:40","guid":{"rendered":"https:\/\/www.schloss-greinburg.at\/geschichte\/"},"modified":"2024-04-15T13:29:32","modified_gmt":"2024-04-15T11:29:32","slug":"storia","status":"publish","type":"page","link":"https:\/\/www.schloss-greinburg.at\/it\/storia\/","title":{"rendered":"Storia"},"content":{"rendered":"<p>[et_pb_section fb_built=&#8221;1&#8243; custom_padding_last_edited=&#8221;on|phone&#8221; admin_label=&#8221;section&#8221; _builder_version=&#8221;4.16&#8243; background_color=&#8221;#1a3857&#8243; custom_padding_tablet=&#8221;50px|0|50px|0&#8243; custom_padding_phone=&#8221;0px||0px|&#8221; transparent_background=&#8221;off&#8221; padding_mobile=&#8221;off&#8221; make_fullwidth=&#8221;off&#8221; use_custom_width=&#8221;off&#8221; width_unit=&#8221;on&#8221; global_colors_info=&#8221;{}&#8221;][et_pb_row padding_mobile=&#8221;off&#8221; column_padding_mobile=&#8221;on&#8221; admin_label=&#8221;row&#8221; _builder_version=&#8221;4.16&#8243; background_size=&#8221;initial&#8221; background_position=&#8221;top_left&#8221; background_repeat=&#8221;repeat&#8221; custom_padding=&#8221;0px||0px|&#8221; make_fullwidth=&#8221;off&#8221; use_custom_width=&#8221;off&#8221; width_unit=&#8221;on&#8221; global_colors_info=&#8221;{}&#8221;][et_pb_column type=&#8221;4_4&#8243; _builder_version=&#8221;4.16&#8243; custom_padding=&#8221;|||&#8221; global_colors_info=&#8221;{}&#8221; custom_padding__hover=&#8221;|||&#8221;][et_pb_image src=&#8221;https:\/\/www.schloss-greinburg.at\/2016\/wp-content\/uploads\/2016\/04\/greinburg_head_2016a_cutt_c-1.png&#8221; show_bottom_space=&#8221;off&#8221; align=&#8221;center&#8221; align_tablet=&#8221;center&#8221; align_phone=&#8221;center&#8221; align_last_edited=&#8221;on|desktop&#8221; admin_label=&#8221;Bild&#8221; _builder_version=&#8221;4.16&#8243; custom_margin=&#8221;0px||0px|&#8221; animation=&#8221;off&#8221; sticky=&#8221;on&#8221; use_border_color=&#8221;off&#8221; border_color=&#8221;#ffffff&#8221; border_style=&#8221;solid&#8221; always_center_on_mobile=&#8221;on&#8221; global_colors_info=&#8221;{}&#8221;] [\/et_pb_image][\/et_pb_column][\/et_pb_row][\/et_pb_section][et_pb_section fb_built=&#8221;1&#8243; fullwidth=&#8221;on&#8221; custom_padding_last_edited=&#8221;on|desktop&#8221; admin_label=&#8221;Sektion&#8221; _builder_version=&#8221;4.16&#8243; background_color=&#8221;#ffffff&#8221; custom_padding=&#8221;0px||0px|&#8221; custom_padding_tablet=&#8221;50px|0|50px|0&#8243; custom_padding_phone=&#8221;50px|0|50px|0&#8243; transparent_background=&#8221;off&#8221; padding_mobile=&#8221;off&#8221; make_fullwidth=&#8221;off&#8221; use_custom_width=&#8221;off&#8221; width_unit=&#8221;on&#8221; global_colors_info=&#8221;{}&#8221;][et_pb_fullwidth_menu menu_id=&#8221;3&#8243; submenu_direction=&#8221;downwards&#8221; fullwidth_menu=&#8221;off&#8221; admin_label=&#8221;Vollbreites Men\u00fc&#8221; module_class=&#8221;menuschmal&#8221; _builder_version=&#8221;4.16&#8243; menu_font=&#8221;Crimson Text||||&#8221; menu_font_size=&#8221;16&#8243; menu_line_height=&#8221;1.2em&#8221; text_orientation=&#8221;center&#8221; saved_tabs=&#8221;all&#8221; global_colors_info=&#8221;{}&#8221;][\/et_pb_fullwidth_menu][\/et_pb_section][et_pb_section fb_built=&#8221;1&#8243; custom_padding_last_edited=&#8221;on|desktop&#8221; admin_label=&#8221;Sektion&#8221; _builder_version=&#8221;4.16&#8243; background_color=&#8221;rgba(255,255,255,0)&#8221; custom_padding=&#8221;3px||25px|&#8221; custom_padding_tablet=&#8221;50px|0|50px|0&#8243; custom_padding_phone=&#8221;50px|0|50px|0&#8243; transparent_background=&#8221;on&#8221; padding_mobile=&#8221;off&#8221; make_fullwidth=&#8221;off&#8221; use_custom_width=&#8221;off&#8221; width_unit=&#8221;on&#8221; global_colors_info=&#8221;{}&#8221;][et_pb_row column_structure=&#8221;3_4,1_4&#8243; use_custom_gutter=&#8221;on&#8221; gutter_width=&#8221;2&#8243; padding_mobile=&#8221;on&#8221; column_padding_mobile=&#8221;on&#8221; admin_label=&#8221;Zeile&#8221; _builder_version=&#8221;4.16&#8243; background_color=&#8221;#ffffff&#8221; background_size=&#8221;initial&#8221; background_position=&#8221;top_left&#8221; background_repeat=&#8221;repeat&#8221; max_width=&#8221;960px&#8221; custom_padding=&#8221;||20px|20px&#8221; make_fullwidth=&#8221;on&#8221; use_custom_width=&#8221;on&#8221; width_unit=&#8221;on&#8221; custom_width_px=&#8221;960px&#8221; global_colors_info=&#8221;{}&#8221;][et_pb_column type=&#8221;3_4&#8243; _builder_version=&#8221;4.16&#8243; custom_padding=&#8221;|||&#8221; global_colors_info=&#8221;{}&#8221; custom_padding__hover=&#8221;|||&#8221;][et_pb_text admin_label=&#8221;Text&#8221; _builder_version=&#8221;4.24.2&#8243; text_font=&#8221;Times New Roman||||&#8221; text_text_color=&#8221;#1a3857&#8243; text_font_size=&#8221;28&#8243; background_size=&#8221;initial&#8221; background_position=&#8221;top_left&#8221; background_repeat=&#8221;repeat&#8221; text_orientation=&#8221;center&#8221; module_alignment=&#8221;center&#8221; custom_padding=&#8221;|||20px&#8221; hover_enabled=&#8221;0&#8243; use_border_color=&#8221;off&#8221; border_color=&#8221;#ffffff&#8221; border_style=&#8221;solid&#8221; global_colors_info=&#8221;{}&#8221; sticky_enabled=&#8221;0&#8243;]<\/p>\n<p><strong>Storia<\/strong><\/p>\n<p>[\/et_pb_text][et_pb_divider show_divider=&#8221;off&#8221; disabled_on=&#8221;on|on|off&#8221; admin_label=&#8221;Teiler&#8221; _builder_version=&#8221;4.16&#8243; height=&#8221;5px&#8221; hide_on_mobile=&#8221;on&#8221; global_colors_info=&#8221;{}&#8221;][\/et_pb_divider][et_pb_gallery gallery_ids=&#8221;582,581,580,579,578,577&#8243; fullwidth=&#8221;on&#8221; admin_label=&#8221;Galerie&#8221; _builder_version=&#8221;4.16&#8243; caption_all_caps=&#8221;off&#8221; auto=&#8221;on&#8221; auto_speed=&#8221;5000&#8243; use_border_color=&#8221;off&#8221; border_color=&#8221;#ffffff&#8221; border_style=&#8221;solid&#8221; global_colors_info=&#8221;{}&#8221;][\/et_pb_gallery][et_pb_text admin_label=&#8221;Text&#8221; _builder_version=&#8221;4.24.2&#8243; background_size=&#8221;initial&#8221; background_position=&#8221;top_left&#8221; background_repeat=&#8221;repeat&#8221; custom_padding=&#8221;|25px||25px&#8221; hover_enabled=&#8221;0&#8243; use_border_color=&#8221;off&#8221; border_color=&#8221;#ffffff&#8221; border_style=&#8221;solid&#8221; global_colors_info=&#8221;{}&#8221; sticky_enabled=&#8221;0&#8243;]<\/p>\n<p>&nbsp;<\/p>\n<p><strong>Un riassunto della storia di famiglia<\/strong><\/p>\n<p>La casa ducale Sassonia-Coburgo-Gotha \u00e8 un ramo della nobile dinastia tedesca di Wettin e ha la sua sede ancestrale a Coburgo. I suoi antenati governarono dal 1423 al 1547 come elettori sassoni e successivamente come duchi di Coburgo. Nel 1862, il loro regno si estese al ducato sassone di Gotha, e da allora la famiglia ha portato il nome di Sassonia-Coburgo-Gotha.<\/p>\n<p><img loading=\"lazy\" decoding=\"async\" class=\"wp-image-2115 size-full alignnone\" src=\"https:\/\/www.schloss-callenberg.com\/2016\/wp-content\/uploads\/2013\/02\/wappen_1-1.png\" width=\"206\" height=\"126\" \/> <img loading=\"lazy\" decoding=\"async\" class=\"wp-image-2120 size-full alignnone\" src=\"https:\/\/www.schloss-callenberg.com\/2016\/wp-content\/uploads\/2013\/02\/wappen_2-2.png\" width=\"206\" height=\"126\" \/><img loading=\"lazy\" decoding=\"async\" class=\"wp-image-2117 size-full alignnone\" src=\"https:\/\/www.schloss-callenberg.com\/2016\/wp-content\/uploads\/2013\/02\/wappen_3-1.png\" width=\"206\" height=\"126\" \/><\/p>\n<p>La Casa di Sassonia-Coburgo-Gotha conobbe il suo periodo di massimo splendore durante il XIX secolo. Grazie alla diplomazia e all&#8217;abile politica matrimoniale, fu una delle pi\u00f9 importanti dinastie regnanti europee fino alla fine della monarchia nel 1918. I &#8220;Coburger&#8221; erano strettamente imparentati con quasi tutte le case principesche e fornivano i reggenti di quattro case reali: Belgio, Portogallo, Gran Bretagna e Bulgaria.<\/p>\n<p>Le relazioni familiari della Casa di Sassonia-Coburgo-Gotha con le case reali europee risalgono in gran parte all&#8217;epoca del principe Alberto di Sassonia-Coburgo-Gotha e di sua moglie, la regina Vittoria d&#8217;Inghilterra. Attraverso i loro 9 figli e 42 nipoti, si svilupparono le linee dinastiche della Gran Bretagna e Coburgo. Inoltre i discendenti della regina Vittoria e del Principe Alberto governarono anche nell\u00b4impero tedesco, in Russia, Romania, Jugoslavia, Grecia, Spagna, Norvegia, Svezia e Danimarca \u2013 e ancora oggi governano in questi ultimi quattro paesi.<\/p>\n<p>Ulteriori informazioni sono disponibili al seguente link:<br \/>Albero genealogico della casata ducale Sassonia-Coburgo-Gotha.<br \/><a href=\"https:\/\/www.schloss-greinburg.at\/2016\/wp-content\/uploads\/2016\/03\/Stammbaum_2016.pdf\">Stammbaum des Herzoglichen Hauses Sachsen \u2013 Coburg und Gotha.<\/a><\/p>\n<p>Questa spettacolare storia familiare della casata Sassonia-Coburgo-Gotha \u00e9 presente nel castello di Greinburg e documentata nelle sale delle feste.<\/p>\n<p>L&#8217;attuale capo della Casata di Sassonia-Coburgo-Gotha \u00e8 il principe Andrea. Proviene dalla linea britannica, fondata dal suo trisavolo, il principe Alberto.<\/p>\n<p>Ulteriori informazioni sulla famiglia ducale di Sassonia-Coburgo-Gotha sono disponibili all&#8217;indirizzo:<\/p>\n<p>www.sachsen-coburg-gotha.de e <a href=\"http:\/\/www.prinzandreas.com\">www.prinzandreas.com<\/a><\/p>\n<p>&nbsp;<\/p>\n<p><strong>Castello di Greinburg\u00a0\u2013 <\/strong><strong>Cenni storici<\/strong><\/p>\n<p><strong><img loading=\"lazy\" decoding=\"async\" class=\"size-full wp-image-104 alignright\" src=\"https:\/\/www.schloss-greinburg.at\/2016\/wp-content\/uploads\/2016\/03\/geschichte_seite.jpg\" alt=\"geschichte_seite\" width=\"280\" height=\"840\" srcset=\"https:\/\/www.schloss-greinburg.at\/2016\/wp-content\/uploads\/2016\/03\/geschichte_seite.jpg 280w, https:\/\/www.schloss-greinburg.at\/2016\/wp-content\/uploads\/2016\/03\/geschichte_seite-100x300.jpg 100w\" sizes=\"(max-width: 280px) 100vw, 280px\" \/><\/strong><\/p>\n<p><strong>1488-1493<\/strong><br \/>Greinburg fu costruito tra il 1488 e il 1493 come uno dei primi castelli residenziali nell\u00b4area di lingua tedesca, sotto i baroni imperiali di Stettenberg e conti di Hardegg, Heinrich e Siegmund Pr\u00fcschenk.<\/p>\n<p><strong>1533<\/strong><br \/>Nel 1533 il consigliere imperiale Johann Leble (L\u00f6bl), Burgvogt (governatore del castello) di Enns e Landvogt (governatore del territorio) di Svevia, acquis\u00ed il castello. Sotto Leble (L\u00f6bl), l&#8217;edificio assunse in gran parte la sua forma attuale. Nel 1621 il castello di Greinburg fu venduto al conte Leonhard Helfrich di Meggau, che fece eseguire importanti lavori di ristrutturazione. La facciata del cortile interno fu impreziosita sui tre piani da un porticato a colonne. Sotto Meggau fu fondata anche la Sala terrena (o cosiddetto Teatro di Pietra). Nel 1625 furono ristrutturate la Sala dei Cavalieri e una cappella adiacente nella torre sud-ovest. Anna di Meggau port\u00f2 in dote il castello e la signoria di Grein a suo marito, il conte Ludwig Sigmund von Dietrichstein.<\/p>\n<p><strong>1700<\/strong><br \/>Dal 1700 Greinburg fu di propriet\u00e1 del Conte Oktavian Karl di Carioni, che lo vendette poi nel 1709 a Franz Ferdinand di Salburg e Prandegg.<\/p>\n<p><strong>1810<\/strong><br \/>La famiglia di Dietrichstein fu proprietaria del castello dal 1810, ma gi\u00e1 nel 1811 vendette la propriet\u00e1 al Sindaco di Hainburg, Josef Fink.<\/p>\n<p><strong>seit 1822<br \/><\/strong>Fu solo nel 1822 che la famiglia Ducale Sassonia-Coburgo-Gotha entr\u00f3 in possesso del castello. Il Duca Ernesto III di Sassonia-Coburgo-Saalfeld, che nel 1826 divenne Ernesto I di Sassonia-Coburgo-Gotha, nel 1822 acquis\u00ed insieme alla signoria di Grein, anche il dominio su Aich, Prandegg, Kreutzen, Ruttenstein e Zellhof. Il figlio di Ernesto I, il Duca Ernesto II, fu signore del castello di Greinburg dal 1844 al 1893. Dopo la sua morte nel 1893, anche la regina Vittoria del Regno Unito fu per breve tempo proprietaria di Greinburg. Ancora oggi il castello \u00e9 abitato dalla famiglia ducale. Ad esempio, la duchessa Vittoria Adelaide scelse Greinburg come sua residenza estiva. Suo figlio, il principe Federico Giosia, visse l\u00ec ininterrottamente fino alla sua morte.<\/p>\n<p>Il complesso a quattro ali ospita, oltre alle sale di rappresentanza della famiglia ducale, le Sale delle Feste Ducali, anche il Museo della Navigazione dell&#8217;Alta Austria.<\/p>\n<p>&nbsp;<\/p>\n<p>[\/et_pb_text][\/et_pb_column][et_pb_column type=&#8221;1_4&#8243; _builder_version=&#8221;4.16&#8243; custom_padding=&#8221;|||&#8221; global_colors_info=&#8221;{}&#8221; custom_padding__hover=&#8221;|||&#8221;][et_pb_sidebar orientation=&#8221;right&#8221; area=&#8221;sidebar-1&#8243; disabled_on=&#8221;on||&#8221; admin_label=&#8221;Seitenleiste&#8221; _builder_version=&#8221;4.16&#8243; header_text_color=&#8221;#1a3857&#8243; header_font_size=&#8221;14&#8243; body_font_size=&#8221;12&#8243; remove_border=&#8221;off&#8221; global_colors_info=&#8221;{}&#8221;][\/et_pb_sidebar][\/et_pb_column][\/et_pb_row][\/et_pb_section]<\/p>\n","protected":false},"excerpt":{"rendered":"<p>Storia&nbsp; Un riassunto della storia di famiglia La casa ducale Sassonia-Coburgo-Gotha \u00e8 un ramo della nobile dinastia tedesca di Wettin e ha la sua sede ancestrale a Coburgo. I suoi antenati governarono dal 1423 al 1547 come elettori sassoni e successivamente come duchi di Coburgo. Nel 1862, il loro regno si estese al ducato sassone [&hellip;]<\/p>\n","protected":false},"author":2,"featured_media":0,"parent":0,"menu_order":0,"comment_status":"closed","ping_status":"closed","template":"page-template-blank.php","meta":{"_et_pb_use_builder":"on","_et_pb_old_content":"[tabs slidertype=\"images\" auto=\"yes\"] [imagetab width=\"650\" height=\"300\"]http:\/\/www.schloss-callenberg.com\/englisch\/wp-content\/uploads\/2013\/01\/family_history_001_11.jpg[\/imagetab] [imagetab width=\"650\" height=\"300\"]http:\/\/www.schloss-callenberg.com\/englisch\/wp-content\/uploads\/2013\/01\/family_history_001_21.jpg[\/imagetab] [imagetab width=\"650\" height=\"300\"]http:\/\/www.schloss-callenberg.com\/englisch\/wp-content\/uploads\/2013\/01\/family_history_001_31.jpg[\/imagetab] [imagetab width=\"650\" height=\"300\"]http:\/\/www.schloss-callenberg.com\/englisch\/wp-content\/uploads\/2013\/01\/family_history_001_41.jpg[\/imagetab] [imagetab width=\"650\" height=\"300\"]http:\/\/www.schloss-callenberg.com\/englisch\/wp-content\/uploads\/2013\/01\/family_history_001_51.jpg[\/imagetab] [imagetab width=\"650\" height=\"300\"]http:\/\/www.schloss-callenberg.com\/englisch\/wp-content\/uploads\/2013\/01\/family_history_001_61.jpg[\/imagetab] [\/tabs]\r\n\r\n\u00a0\r\n\r\n<b>Eine Zusammenfassung der Familiengeschichte<\/b>\r\n\r\nDas herzogliche Haus Sachsen-Coburg und Gotha ist ein Zweig des deutschen Adelsgeschlechtes der Wettiner und hat seinen Stammsitz in Coburg. Seine Ahnherren regierten von 1423 bis 1547 als s\u00e4chsische Kurf\u00fcrsten und sp\u00e4ter als Coburger Herz\u00f6ge. Im Jahr 1862 erweiterte sich ihre Regentschaft auf das s\u00e4chsische Herzogtum Gotha, und seitdem f\u00fchrt die Familie den Namen Sachsen-Coburg und Gotha.\r\n\r\n<b>\u00a0<\/b>\r\n<table border=\"0\" align=\"center\">\r\n<tbody>\r\n<tr>\r\n<td>\r\n<table border=\"0\" cellspacing=\"0\" cellpadding=\"0\">\r\n<tbody>\r\n<tr>\r\n<td align=\"center\" width=\"140\"><img class=\"alignnone\" src=\"http:\/\/www.schloss-callenberg.com\/englisch\/wp-content\/uploads\/2013\/02\/geschichte.staatswappen_sachsen-coburg_und_gotha.klein_.gif\" alt=\"geschichte.staatswappen_sachsen-coburg_und_gotha.klein\" width=\"65\" height=\"80\" \/><\/td>\r\n<td align=\"center\" width=\"140\"><img class=\"alignnone\" src=\"http:\/\/www.schloss-callenberg.com\/englisch\/wp-content\/uploads\/2013\/02\/geschichte.wappen_des_herzogtums_sachsen.klein_.gif\" alt=\"geschichte.wappen_des_herzogtums_sachsen.klein\" width=\"59\" height=\"80\" \/><\/td>\r\n<td align=\"center\" width=\"140\"><img class=\"alignnone\" src=\"http:\/\/www.schloss-callenberg.com\/englisch\/wp-content\/uploads\/2013\/01\/geschichte.wappen_des_prinzen_von_sachsen-coburg_und_gotha.klein_.gif\" alt=\"geschichte.wappen_des_prinzen_von_sachsen-coburg_und_gotha.klein\" width=\"68\" height=\"80\" \/><\/td>\r\n<\/tr>\r\n<tr>\r\n<td align=\"center\" width=\"140\" height=\"15\"><\/td>\r\n<td align=\"center\" width=\"140\" height=\"15\"><\/td>\r\n<td align=\"center\" width=\"140\" height=\"15\"><\/td>\r\n<\/tr>\r\n<tr>\r\n<td align=\"center\" valign=\"top\" width=\"140\">\r\n<h6>Staatswappen des Herzogtums\r\nSachsen-Coburg\r\nund Gotha<\/h6>\r\n<\/td>\r\n<td align=\"center\" valign=\"top\" width=\"140\">\r\n<h6>Wappen des\r\nHerzogtums\r\nSachsen<\/h6>\r\n<\/td>\r\n<td align=\"center\" valign=\"top\" width=\"140\">\r\n<h6>Wappen des\r\nPrinzen von\r\nSachsen-Coburg\r\nund Gotha<\/h6>\r\n\u00a0<\/td>\r\n<\/tr>\r\n<\/tbody>\r\n<\/table>\r\n<\/td>\r\n<\/tr>\r\n<\/tbody>\r\n<\/table>\r\nDas Haus Sachsen-Coburg und Gotha erlebte seine Glanzzeit w\u00e4hrend des 19. Jahrhunderts. Durch Diplomatie und geschickte Heiratspolitik war es bis zum Ende der Monarchie 1918 eine der bedeutendsten europ\u00e4ischen Herrscherdynastien. Die \u201eCoburger\u201c waren mit fast allen F\u00fcrstenh\u00e4usern eng verwandt und stellten die Regenten von vier K\u00f6nigsh\u00e4usern: Belgien, Portugal, Gro\u00dfbritannien und Bulgarien.\r\n\r\nDie Familienbeziehungen des Hauses Sachsen-Coburg und Gotha mit den europ\u00e4ischen K\u00f6nigsh\u00e4usern stammen gr\u00f6\u00dftenteils aus der Zeit von Prinz Albert von Sachsen-Coburg und Gotha und seiner Frau, Queen Victoria von England. Durch ihre 9 Kinder und 42 Enkelkinder wurden die dynastischen Linien von Gro\u00dfbritannien und Coburg fortgef\u00fchrt. Au\u00dferdem regierten die Nachkommen von Queen Victoria und Prinz Albert auch im deutschen Kaiserreich, Russland, Rum\u00e4nien, Jugoslawien, Griechenland, Spanien, Norwegen, Schweden und D\u00e4nemark \u2013 und regieren noch heute in den vier letztgenannten L\u00e4ndern. Zus\u00e4tzliche Informationen unter folgendem Link:\r\n<a href=\"http:\/\/www.schloss-greinburg.at\/2016\/wp-content\/uploads\/2016\/03\/Stammbaum_2016.pdf\" target=\"_blank\">Stammbaum des Herzoglichen Hauses Sachsen - Coburg und Gotha.<\/a>\r\n\r\nDiese spektakul\u00e4re Familiengeschichte des Hauses Sachsen-Coburg und Gotha ist auf Schloss Greinburg pr\u00e4sent und in den\u00a0Sachsen-Coburg und Gotha\u00b4schen Festr\u00e4umen dokumentiert.\r\n\r\nDas derzeitige Oberhaupt des Hausen Sachsen-Coburg und Gotha ist Prinz Andreas. Er stammt aus der britischen Linie, die durch seinen Ururgro\u00dfvater Prinz Albert begr\u00fcndet wurde.\r\n\r\nWeitere Informationen zur herzoglichen Familie von Sachsen-Coburg und Gotha finden Sie unter:\r\n<a href=\"http:\/\/www.sachsen-coburg-gotha.de\/\" target=\"_blank\">www.sachsen-coburg-gotha.de<\/a>\u00a0und\u00a0<a href=\"http:\/\/www.prinzandreas.com\" target=\"_blank\">www.prinzandreas.com<\/a>\r\n\r\n\u00a0\r\n\r\n<strong>Schloss Greinburg\u00a0\u2013\u00a0Historischer \u00dcberblick<\/strong>\r\n\r\n<strong>1488-1493<img class=\"size-full wp-image-104 alignright\" src=\"http:\/\/www.schloss-greinburg.at\/2016\/wp-content\/uploads\/2016\/03\/geschichte_seite.jpg\" alt=\"geschichte_seite\" width=\"280\" height=\"840\" \/><\/strong>\r\nUnter den sp\u00e4teren Reichsfreiherren von Stettenberg und Grafen von Hardegg, Heinrich und Siegmund Pr\u00fcschenk, wurde die Greinburg zwischen 1488 und 1493 als eines der ersten Schl\u00f6sser im deutschsprachigen Raum errichtet.\r\n\r\n<strong>1533<\/strong>\r\n1533 erwarb der kaiserliche Rat, Burgvogt von Enns und Landvogt von Schwaben, Johann Leble (L\u00f6bl), das Schloss. Unter Leble (L\u00f6bl) erhielt das Bauwerk weitgehend seine heutige Gestalt. 1621 wurde die Greinburg an den Grafen Leonhard Helfrich von Meggau ver\u00e4u\u00dfert, der grundlegende Umbauten durchf\u00fchren lie\u00df. Ein der Fassade vorgeblendeter dreigeschossiger\u00a0S\u00e4ulenarkadengang wurde pr\u00e4gend f\u00fcr das Erscheinungsbild des Innenhofes. Unter Meggau wurde ferner die Sala terrena (sog. Steinernes Theater) eingerichtet. 1625 kam es zur Neuausstattung des Rittersaales und einer daran anschlie\u00dfenden Kapelle im S\u00fcdwestturm. Anna von Meggau brachte ihrem Gemahl, dem Grafen Ludwig Sigmund von Dietrichstein, Schloss und Herrschaft Grein mit in die Ehe.\r\n\r\n<strong>1700<\/strong>\r\nSeit 1700 war Graf Oktavian Karl von Carioni Eigent\u00fcmer der Greinburg, der das Schloss 1709 an Franz Ferdinand von Salburg und Prandegg verkaufte.\r\n\r\n<strong>1810<\/strong>\r\nDie Familie von Dietrichstein war seit 1810 abermals im Besitz der Greinburg, verkaufte das Anwesen jedoch bereits 1811 an den B\u00fcrgermeister von Hainburg, Josef Fink.\r\n\r\n\u00a0\r\n\r\n<strong>seit 1822<\/strong>\r\n\r\nErst seit 1822 ist das Herzogliche Haus Sachsen-Coburg und Gotha Schlosseigent\u00fcmer. Zusammen mit der Herrschaft Grein erwarb Herzog Ernst III. von Sachsen-Coburg-Saalfeld, seit 1826 Ernst I. von Sachsen-Coburg und Gotha, 1822 auch die Herrschaften Aich, Prandegg, Kreutzen, Ruttenstein und Zellhof. Der Sohn Ernsts I., Herzog Ernst II. , war Schlossherr auf der Greinburg von 1844 bis 1893. Nach seinem Tod 1893 war kurzzeitig auch K\u00f6nigin Victoria von England Eigent\u00fcmerin der Greinburg. Bis heute wird das Schloss von der herzoglichen Familie bewohnt. So w\u00e4hlte beispielsweise Herzogin Viktoria Adelheid die Greinburg als Sommersitz. Ihr Sohn, Prinz Friedrich Josias, wohnte bis zu seinem Tod st\u00e4ndig dort.\r\n\r\nDie vierfl\u00fcgelige Anlage beherbergt neben den Repr\u00e4sentationsr\u00e4umen der Herzoglichen Familie, den\u00a0Herzoglichen Festr\u00e4umen, auch das Ober\u00f6sterreichische Schiffahrtsmuseum.","_et_gb_content_width":"","footnotes":""},"class_list":["post-2320","page","type-page","status-publish","hentry"],"aioseo_notices":[],"_links":{"self":[{"href":"https:\/\/www.schloss-greinburg.at\/it\/wp-json\/wp\/v2\/pages\/2320","targetHints":{"allow":["GET"]}}],"collection":[{"href":"https:\/\/www.schloss-greinburg.at\/it\/wp-json\/wp\/v2\/pages"}],"about":[{"href":"https:\/\/www.schloss-greinburg.at\/it\/wp-json\/wp\/v2\/types\/page"}],"author":[{"embeddable":true,"href":"https:\/\/www.schloss-greinburg.at\/it\/wp-json\/wp\/v2\/users\/2"}],"replies":[{"embeddable":true,"href":"https:\/\/www.schloss-greinburg.at\/it\/wp-json\/wp\/v2\/comments?post=2320"}],"version-history":[{"count":4,"href":"https:\/\/www.schloss-greinburg.at\/it\/wp-json\/wp\/v2\/pages\/2320\/revisions"}],"predecessor-version":[{"id":2627,"href":"https:\/\/www.schloss-greinburg.at\/it\/wp-json\/wp\/v2\/pages\/2320\/revisions\/2627"}],"wp:attachment":[{"href":"https:\/\/www.schloss-greinburg.at\/it\/wp-json\/wp\/v2\/media?parent=2320"}],"curies":[{"name":"wp","href":"https:\/\/api.w.org\/{rel}","templated":true}]}}