{"id":2481,"date":"2023-02-01T10:49:52","date_gmt":"2023-02-01T09:49:52","guid":{"rendered":"https:\/\/www.schloss-greinburg.at\/virtueller-rundgang\/"},"modified":"2024-05-06T11:49:23","modified_gmt":"2024-05-06T09:49:23","slug":"tour-virtuale","status":"publish","type":"page","link":"https:\/\/www.schloss-greinburg.at\/it\/tour-virtuale\/","title":{"rendered":"Tour Virtuale"},"content":{"rendered":"<p>[et_pb_section fb_built=&#8221;1&#8243; custom_padding_last_edited=&#8221;on|phone&#8221; admin_label=&#8221;section&#8221; _builder_version=&#8221;4.16&#8243; background_color=&#8221;#1a3857&#8243; custom_padding_tablet=&#8221;50px|0|50px|0&#8243; custom_padding_phone=&#8221;0px||0px|&#8221; transparent_background=&#8221;off&#8221; padding_mobile=&#8221;off&#8221; make_fullwidth=&#8221;off&#8221; use_custom_width=&#8221;off&#8221; width_unit=&#8221;on&#8221; global_colors_info=&#8221;{}&#8221;][et_pb_row padding_mobile=&#8221;off&#8221; column_padding_mobile=&#8221;on&#8221; admin_label=&#8221;row&#8221; _builder_version=&#8221;4.16&#8243; background_size=&#8221;initial&#8221; background_position=&#8221;top_left&#8221; background_repeat=&#8221;repeat&#8221; custom_padding=&#8221;0px||0px|&#8221; make_fullwidth=&#8221;off&#8221; use_custom_width=&#8221;off&#8221; width_unit=&#8221;on&#8221; global_colors_info=&#8221;{}&#8221;][et_pb_column type=&#8221;4_4&#8243; _builder_version=&#8221;4.16&#8243; custom_padding=&#8221;|||&#8221; global_colors_info=&#8221;{}&#8221; custom_padding__hover=&#8221;|||&#8221;][et_pb_image src=&#8221;https:\/\/www.schloss-greinburg.at\/2016\/wp-content\/uploads\/2016\/04\/greinburg_head_2016a_cutt_c-1.png&#8221; show_bottom_space=&#8221;off&#8221; align=&#8221;center&#8221; align_tablet=&#8221;center&#8221; align_phone=&#8221;center&#8221; align_last_edited=&#8221;on|desktop&#8221; _builder_version=&#8221;4.16&#8243; custom_margin=&#8221;0px||0px|&#8221; animation=&#8221;off&#8221; sticky=&#8221;on&#8221; use_border_color=&#8221;off&#8221; border_color=&#8221;#ffffff&#8221; border_style=&#8221;solid&#8221; always_center_on_mobile=&#8221;on&#8221; global_colors_info=&#8221;{}&#8221;][\/et_pb_image][\/et_pb_column][\/et_pb_row][\/et_pb_section][et_pb_section fb_built=&#8221;1&#8243; fullwidth=&#8221;on&#8221; custom_padding_last_edited=&#8221;on|desktop&#8221; admin_label=&#8221;Sektion&#8221; _builder_version=&#8221;4.16&#8243; background_color=&#8221;#ffffff&#8221; custom_padding=&#8221;0px||0px|&#8221; custom_padding_tablet=&#8221;50px|0|50px|0&#8243; custom_padding_phone=&#8221;50px|0|50px|0&#8243; transparent_background=&#8221;off&#8221; padding_mobile=&#8221;off&#8221; make_fullwidth=&#8221;off&#8221; use_custom_width=&#8221;off&#8221; width_unit=&#8221;on&#8221; global_colors_info=&#8221;{}&#8221;][et_pb_fullwidth_menu menu_id=&#8221;3&#8243; submenu_direction=&#8221;downwards&#8221; fullwidth_menu=&#8221;on&#8221; admin_label=&#8221;Vollbreites Men\u00fc&#8221; module_class=&#8221;menuschmal&#8221; _builder_version=&#8221;4.24.2&#8243; menu_font=&#8221;Crimson Text||||&#8221; menu_font_size=&#8221;16&#8243; menu_line_height=&#8221;1.2em&#8221; text_orientation=&#8221;center&#8221; saved_tabs=&#8221;all&#8221; global_colors_info=&#8221;{}&#8221;][\/et_pb_fullwidth_menu][\/et_pb_section][et_pb_section fb_built=&#8221;1&#8243; custom_padding_last_edited=&#8221;on|desktop&#8221; admin_label=&#8221;Sektion&#8221; _builder_version=&#8221;4.16&#8243; background_color=&#8221;rgba(255,255,255,0)&#8221; custom_padding=&#8221;3px||25px|&#8221; custom_padding_tablet=&#8221;50px|0|50px|0&#8243; custom_padding_phone=&#8221;50px|0|50px|0&#8243; transparent_background=&#8221;on&#8221; padding_mobile=&#8221;off&#8221; make_fullwidth=&#8221;off&#8221; use_custom_width=&#8221;off&#8221; width_unit=&#8221;on&#8221; global_colors_info=&#8221;{}&#8221;][et_pb_row column_structure=&#8221;3_4,1_4&#8243; use_custom_gutter=&#8221;on&#8221; gutter_width=&#8221;2&#8243; padding_mobile=&#8221;on&#8221; column_padding_mobile=&#8221;on&#8221; admin_label=&#8221;Zeile&#8221; _builder_version=&#8221;4.16&#8243; background_color=&#8221;#ffffff&#8221; background_size=&#8221;initial&#8221; background_position=&#8221;top_left&#8221; background_repeat=&#8221;repeat&#8221; max_width=&#8221;960px&#8221; custom_padding=&#8221;||20px|20px&#8221; make_fullwidth=&#8221;on&#8221; use_custom_width=&#8221;on&#8221; width_unit=&#8221;on&#8221; custom_width_px=&#8221;960px&#8221; global_colors_info=&#8221;{}&#8221;][et_pb_column type=&#8221;3_4&#8243; _builder_version=&#8221;4.16&#8243; custom_padding=&#8221;|||&#8221; global_colors_info=&#8221;{}&#8221; custom_padding__hover=&#8221;|||&#8221;][et_pb_text admin_label=&#8221;Text&#8221; _builder_version=&#8221;4.24.2&#8243; text_font=&#8221;Times New Roman||||&#8221; text_text_color=&#8221;#1a3857&#8243; text_font_size=&#8221;28&#8243; background_size=&#8221;initial&#8221; background_position=&#8221;top_left&#8221; background_repeat=&#8221;repeat&#8221; text_orientation=&#8221;center&#8221; module_alignment=&#8221;center&#8221; custom_padding=&#8221;|||20px&#8221; use_border_color=&#8221;off&#8221; border_color=&#8221;#ffffff&#8221; border_style=&#8221;solid&#8221; global_colors_info=&#8221;{}&#8221;]<\/p>\n<p><strong>Tour virtuale<\/strong><\/p>\n<p>[\/et_pb_text][et_pb_divider show_divider=&#8221;off&#8221; disabled_on=&#8221;on|on|off&#8221; admin_label=&#8221;Teiler&#8221; _builder_version=&#8221;4.16&#8243; height=&#8221;5px&#8221; hide_on_mobile=&#8221;on&#8221; global_colors_info=&#8221;{}&#8221;][\/et_pb_divider][et_pb_image src=&#8221;https:\/\/www.schloss-greinburg.at\/2016\/wp-content\/uploads\/2023\/02\/Panorama-Speisezimmer.jpg&#8221; title_text=&#8221;Panorama Speisezimmer&#8221; _builder_version=&#8221;4.19.4&#8243; _module_preset=&#8221;default&#8221; global_colors_info=&#8221;{}&#8221;][\/et_pb_image][et_pb_divider _builder_version=&#8221;4.19.4&#8243; _module_preset=&#8221;default&#8221; global_colors_info=&#8221;{}&#8221;][\/et_pb_divider][et_pb_text admin_label=&#8221;Text&#8221; _builder_version=&#8221;4.24.2&#8243; background_size=&#8221;initial&#8221; background_position=&#8221;top_left&#8221; background_repeat=&#8221;repeat&#8221; custom_padding=&#8221;|25px||25px&#8221; hover_enabled=&#8221;0&#8243; use_border_color=&#8221;off&#8221; border_color=&#8221;#ffffff&#8221; border_style=&#8221;solid&#8221; global_colors_info=&#8221;{}&#8221; sticky_enabled=&#8221;0&#8243;]<\/p>\n<p>Qui potete accedere al tour virtuale:<\/p>\n<p>Tour a 360\u00b0<br \/><a href=\"https:\/\/museum360.at\/schloss-greinburg\/\"><strong>360\u00b0 Rundgang<\/strong><\/a><\/p>\n<p>&nbsp;<\/p>\n<p>(Realizzato da <a href=\"https:\/\/www.impuls-innovation.com\/\">IMPULS Innovationsgesellschaft mbH<\/a>)<\/p>\n<p>&nbsp;<\/p>\n<p>[\/et_pb_text][\/et_pb_column][et_pb_column type=&#8221;1_4&#8243; _builder_version=&#8221;4.16&#8243; custom_padding=&#8221;|||&#8221; global_colors_info=&#8221;{}&#8221; custom_padding__hover=&#8221;|||&#8221;][et_pb_sidebar orientation=&#8221;right&#8221; area=&#8221;sidebar-1&#8243; disabled_on=&#8221;on||&#8221; admin_label=&#8221;Seitenleiste&#8221; _builder_version=&#8221;4.16&#8243; header_text_color=&#8221;#1a3857&#8243; header_font_size=&#8221;14&#8243; body_font_size=&#8221;12&#8243; remove_border=&#8221;off&#8221; global_colors_info=&#8221;{}&#8221;][\/et_pb_sidebar][\/et_pb_column][\/et_pb_row][\/et_pb_section]<\/p>\n","protected":false},"excerpt":{"rendered":"<p>Tour virtualeQui potete accedere al tour virtuale: Tour a 360\u00b0360\u00b0 Rundgang &nbsp; (Realizzato da IMPULS Innovationsgesellschaft mbH) &nbsp;<\/p>\n","protected":false},"author":9,"featured_media":0,"parent":0,"menu_order":0,"comment_status":"closed","ping_status":"closed","template":"page-template-blank.php","meta":{"_et_pb_use_builder":"on","_et_pb_old_content":"<p>[tabs slidertype=\"images\" auto=\"yes\"] [imagetab width=\"650\" height=\"300\"]http:\/\/www.schloss-greinburg.at\/2016\/wp-content\/uploads\/2016\/04\/slider_in_page_interest_001.jpg[\/imagetab] [\/tabs]<\/p><p><strong>Die \u201cSala Terrena\u201d\u00a0<\/strong><\/p><p>Ein besonderer H\u00f6hepunkt bei der Besichtigung von Schloss Greinburg ist die \u201cSala Terrena\u201d auch\u00a0\u201cSteinernes Theater\u201d genannt, das 1625 unter der Leitung des Grafen von Meggau gebaut wurde (sein Wappen ist Teil des Deckenschmucks). Der Raum erhielt seinen Namen aufgrund des Mosaiks aus Donaukieseln, die die gesamte Fl\u00e4che der W\u00e4nde und des Deckengew\u00f6lbes \u00fcberziehen. Dieser Saal mit der angeschlossenen Rustikagrotte ist einzigartig\u00a0in \u00d6sterreich als eines der fr\u00fchesten Beispiele derartiger Raumausstattung n\u00f6rdlich der Alpen. Diese bemerkenswerte Art der Ausstattung war in italienischen Hofkreisen seit dem 16. Jahrhundert Mode und spiegelte einen luxuri\u00f6sen und \u00fcberaus raffinierten Lebensstil wider.<\/p><p>\u00a0<\/p><p>\u00a0<\/p><p>[tabs slidertype=\"images\" auto=\"yes\" autospeed=\"4000\"] [imagetab width=\"650\" height=\"300\"]http:\/\/www.schloss-greinburg.at\/2016\/wp-content\/uploads\/2016\/04\/slider_in_page_diamant_001.jpg[\/imagetab] [imagetab width=\"650\" height=\"300\"]http:\/\/www.schloss-greinburg.at\/2016\/wp-content\/uploads\/2016\/04\/slider_in_page_diamant_002.jpg[\/imagetab] [imagetab width=\"650\" height=\"300\"]http:\/\/www.schloss-greinburg.at\/2016\/wp-content\/uploads\/2016\/04\/slider_in_page_diamant_003.jpg[\/imagetab] [\/tabs]<\/p><p><strong>Das Diamantgew\u00f6lbe<\/strong><\/p><p>Das Diamantgew\u00f6lbe erh\u00e4lt seinen Namen durch die einzigartige Deckenstruktur, die mit diamantf\u00f6rmigen Ornamenten bedeckt ist. Dieses architektonische Meisterwerk f\u00fchrt zu einem faszinierenden Licht- und Schattenspiel. Der Raum wurde in der urspr\u00fcnglichen Bauzeit im sp\u00e4ten Mittelalter angelegt. Er ist das einzige Gew\u00f6lbe dieser Art in \u00d6sterreich und dokumentiert die au\u00dfergew\u00f6hnlichen Qualit\u00e4tsma\u00dfst\u00e4be, nach denen Schloss Greinburg gebaut wurde.<\/p><p>\u00a0<\/p><p>\u00a0<\/p><p>[tabs slidertype=\"images\" auto=\"yes\" autospeed=\"5500\"] [imagetab width=\"650\" height=\"300\"]http:\/\/www.schloss-greinburg.at\/2016\/wp-content\/uploads\/2016\/04\/slider_in_page_rittersaal_001.jpg[\/imagetab] [imagetab width=\"650\" height=\"300\"]http:\/\/www.schloss-greinburg.at\/2016\/wp-content\/uploads\/2016\/04\/slider_in_page_rittersaal_002.jpg[\/imagetab] [imagetab width=\"650\" height=\"300\"]http:\/\/www.schloss-greinburg.at\/2016\/wp-content\/uploads\/2016\/04\/slider_in_page_rittersaal_001_korr.jpg[\/imagetab] [\/tabs]<\/p><p><strong>Der Rittersaal und die Schlosskapelle<\/strong><\/p><p>Wenn Sie Schloss Greinburg besichtigen, sollten Sie unbedingt durch den gro\u00dfen Rittersaal schreiten. Er hat die unglaublichen Ma\u00dfe von 33 m L\u00e4nge, 16 m Breite und 14 m H\u00f6he. Er ist einer der gr\u00f6\u00dften einheitlich gew\u00f6lbten Renaissance-S\u00e4le in \u00d6sterreich. Dieser prachtvolle Saal ist ausgestattet mit beeindruckenden Gem\u00e4lden aus dem 17. Jahrhundert \u2013 darunter Habsburger Herrscher wie K\u00f6nig Rudolf I. (der 1291 verstarb) und Kaiser Ferdinand II. (der 1637 verstarb). Mithilfe von Hinweisschildern, die in der N\u00e4he des Eingangs zum Rittersaal angebracht sind, k\u00f6nnen Besucher die auf den historischen Portr\u00e4ts dargestellten Personen identifizieren.<\/p><p>Eine kleine Schlosskapelle schlie\u00dft sich an den Rittersaal an. Graf Meggau war ein Verfechter der Gegenreformation und spielte eine entscheidende Rolle bei der Erneuerung des Katholizismus in Ober\u00f6sterreich. H\u00f6chstwahrscheinlich war er verantwortlich f\u00fcr die Renovierung der Schlosskapelle, die durch ihren fr\u00fchbarocken Altar ber\u00fchmt geworden ist. Dieser wird auch \u201cWeihnachtsaltar\u201d genannt, denn er ist mit verschiedenen Szenen rund um Christi Geburt ausgestattet \u2013 das zentrale Motiv ist die Anbetung der Hirten. Auch die R\u00fcckseite des Altars ist sehenswert. Im Gegensatz zu den schmuckvollen Schnitzereien auf der Vorderseite des Altars besteht die R\u00fcckseite aus zwei historischen Holzbalken, die ein einfaches Kreuz bilden.<\/p>","_et_gb_content_width":"","footnotes":""},"class_list":["post-2481","page","type-page","status-publish","hentry"],"aioseo_notices":[],"_links":{"self":[{"href":"https:\/\/www.schloss-greinburg.at\/it\/wp-json\/wp\/v2\/pages\/2481","targetHints":{"allow":["GET"]}}],"collection":[{"href":"https:\/\/www.schloss-greinburg.at\/it\/wp-json\/wp\/v2\/pages"}],"about":[{"href":"https:\/\/www.schloss-greinburg.at\/it\/wp-json\/wp\/v2\/types\/page"}],"author":[{"embeddable":true,"href":"https:\/\/www.schloss-greinburg.at\/it\/wp-json\/wp\/v2\/users\/9"}],"replies":[{"embeddable":true,"href":"https:\/\/www.schloss-greinburg.at\/it\/wp-json\/wp\/v2\/comments?post=2481"}],"version-history":[{"count":4,"href":"https:\/\/www.schloss-greinburg.at\/it\/wp-json\/wp\/v2\/pages\/2481\/revisions"}],"predecessor-version":[{"id":2748,"href":"https:\/\/www.schloss-greinburg.at\/it\/wp-json\/wp\/v2\/pages\/2481\/revisions\/2748"}],"wp:attachment":[{"href":"https:\/\/www.schloss-greinburg.at\/it\/wp-json\/wp\/v2\/media?parent=2481"}],"curies":[{"name":"wp","href":"https:\/\/api.w.org\/{rel}","templated":true}]}}